{"id":4361,"date":"2019-04-04T07:26:05","date_gmt":"2019-04-04T07:26:05","guid":{"rendered":"http:\/\/gcanto.acceseo.com.es\/construcciones\/obra-industrial\/"},"modified":"2019-06-04T06:26:35","modified_gmt":"2019-06-04T06:26:35","slug":"industrial-work","status":"publish","type":"page","link":"https:\/\/www.grupocanto.com\/en\/construction\/industrial-work\/","title":{"rendered":"Industrial work"},"content":{"rendered":"<p>[et_pb_section bb_built=&#8221;1&#8243; specialty=&#8221;off&#8221; _builder_version=&#8221;3.14&#8243; background_color=&#8221;#f9f9f9&#8243; next_background_color=&#8221;#ffffff&#8221;][et_pb_row _builder_version=&#8221;3.14&#8243; custom_padding=&#8221;||0px|&#8221;][et_pb_column type=&#8221;4_4&#8243;][et_pb_text _builder_version=&#8221;3.14&#8243; text_orientation=&#8221;center&#8221; module_id=&#8221;breadcrumbs&#8221; custom_padding=&#8221;||20px|&#8221; custom_margin=&#8221;||0px|&#8221;]<\/p>\n<span><span><a href=\"https:\/\/www.grupocanto.com\/en\/home\/\">Home<\/a><\/span><\/span>\n<p>[\/et_pb_text][et_pb_text _builder_version=&#8221;3.14&#8243; text_orientation=&#8221;center&#8221; header_text_align=&#8221;center&#8221; module_class=&#8221;title_head_cat&#8221;]<\/p>\n<h1 class=\"title_underline\">CONSTRUCTION OF INDUSTRIAL PREMISES<\/h1>\n<p>Do you need to build an industrial warehouse in the province of Alicante?<\/p>\n<p>[\/et_pb_text][\/et_pb_column][\/et_pb_row][\/et_pb_section][et_pb_section bb_built=&#8221;1&#8243; specialty=&#8221;off&#8221; prev_background_color=&#8221;#f9f9f9&#8243; _builder_version=&#8221;3.14&#8243; module_class=&#8221;last_projects&#8221; next_background_color=&#8221;#000000&#8243; custom_padding=&#8221;||0px|&#8221;][et_pb_row _builder_version=&#8221;3.14&#8243; custom_padding=&#8221;0px|||&#8221;][et_pb_column type=&#8221;4_4&#8243;][et_pb_tabs _builder_version=&#8221;3.14&#8243;][et_pb_tab _builder_version=&#8221;3.14&#8243; title=&#8221;Buildings&#8221; use_background_color_gradient=&#8221;off&#8221; background_color_gradient_start=&#8221;#2b87da&#8221; background_color_gradient_end=&#8221;#29c4a9&#8243; background_color_gradient_type=&#8221;linear&#8221; background_color_gradient_direction=&#8221;180deg&#8221; background_color_gradient_direction_radial=&#8221;center&#8221; background_color_gradient_start_position=&#8221;0%&#8221; background_color_gradient_end_position=&#8221;100%&#8221; background_color_gradient_overlays_image=&#8221;off&#8221; parallax=&#8221;off&#8221; parallax_method=&#8221;on&#8221; background_size=&#8221;cover&#8221; background_position=&#8221;center&#8221; background_repeat=&#8221;no-repeat&#8221; background_blend=&#8221;normal&#8221; allow_player_pause=&#8221;off&#8221; background_video_pause_outside_viewport=&#8221;on&#8221; tab_text_shadow_style=&#8221;none&#8221; body_text_shadow_style=&#8221;none&#8221; tab_text_shadow_horizontal_length=&#8221;0em&#8221; tab_text_shadow_vertical_length=&#8221;0em&#8221; tab_text_shadow_blur_strength=&#8221;0em&#8221; body_text_shadow_horizontal_length=&#8221;0em&#8221; body_text_shadow_vertical_length=&#8221;0em&#8221; body_text_shadow_blur_strength=&#8221;0em&#8221;]<\/p>\n<div id=\"cpt_proyects_tabs\"><\/div>\n<p>[\/et_pb_tab][et_pb_tab _builder_version=&#8221;3.14&#8243; title=&#8221;Facade&#8221; use_background_color_gradient=&#8221;off&#8221; background_color_gradient_start=&#8221;#2b87da&#8221; background_color_gradient_end=&#8221;#29c4a9&#8243; background_color_gradient_type=&#8221;linear&#8221; background_color_gradient_direction=&#8221;180deg&#8221; background_color_gradient_direction_radial=&#8221;center&#8221; background_color_gradient_start_position=&#8221;0%&#8221; background_color_gradient_end_position=&#8221;100%&#8221; background_color_gradient_overlays_image=&#8221;off&#8221; parallax=&#8221;off&#8221; parallax_method=&#8221;on&#8221; background_size=&#8221;cover&#8221; background_position=&#8221;center&#8221; background_repeat=&#8221;no-repeat&#8221; background_blend=&#8221;normal&#8221; allow_player_pause=&#8221;off&#8221; background_video_pause_outside_viewport=&#8221;on&#8221; tab_text_shadow_style=&#8221;none&#8221; body_text_shadow_style=&#8221;none&#8221; tab_text_shadow_horizontal_length=&#8221;0em&#8221; tab_text_shadow_vertical_length=&#8221;0em&#8221; tab_text_shadow_blur_strength=&#8221;0em&#8221; body_text_shadow_horizontal_length=&#8221;0em&#8221; body_text_shadow_vertical_length=&#8221;0em&#8221; body_text_shadow_blur_strength=&#8221;0em&#8221;]<\/p>\n<div id=\"cpt_proyects_tabs\"><\/div>\n<p>[\/et_pb_tab][\/et_pb_tabs][\/et_pb_column][\/et_pb_row][\/et_pb_section][et_pb_section bb_built=&#8221;1&#8243; specialty=&#8221;off&#8221; prev_background_color=&#8221;#000000&#8243; _builder_version=&#8221;3.14&#8243; custom_padding=&#8221;||0px|&#8221; module_id=&#8221;contact_footer&#8221;][et_pb_row _builder_version=&#8221;3.14&#8243; module_class_2=&#8221;contact_section&#8221; background_color_2=&#8221;#f9f9f9&#8243; padding_top_2=&#8221;24px&#8221; padding_right_2=&#8221;30px&#8221; padding_bottom_2=&#8221;100px&#8221; padding_left_2=&#8221;30px&#8221; custom_padding=&#8221;||0px|&#8221;][et_pb_column type=&#8221;1_2&#8243;][et_pb_text _builder_version=&#8221;3.14&#8243; header_3_font=&#8221;|600||on|||||&#8221; header_3_text_align=&#8221;left&#8221; header_3_text_color=&#8221;#2c4a6d&#8221; header_3_font_size=&#8221;24px&#8221;]<\/p>\n<h3 class=\"title_underline left\">WORKS OF INDUSTRIAL TYPE<\/h3>\n<p>&nbsp;<\/p>\n<p>[\/et_pb_text][et_pb_text _builder_version=&#8221;3.14&#8243;]<\/p>\n<p>Our projects support us as expert builders in large industrial works. But, in addition to the experience, in Grupo Cant\u00f3 we like to reinforce knowledge through continuous training so that our technicians keep up to date on materials, new ways of construction or the execution of tasks.<\/p>\n<p>The first objective we want to achieve when we launch a new industrial work is mainly; adapt the space to the activity that will be developed in it, with the intention of minimizing the expenditure of future reforms and increasing productivity.<\/p>\n<p>For us the most important thing is our client, that&#8217;s why we focus on meeting deadlines to offer professional, functional and economic solutions.<\/p>\n<p>Discover all the types of industrial works in which we work:<br \/>\n<a href=\"\/construccion-naves-industriales-alicante\/\"><strong>Construction of Industrial Buildings<br \/>\n<\/strong><\/a><br \/>\n<a href=\"\/hormigon-impreso-en-alcoy-y-alicante\/\"><strong>Printed Concrete<br \/>\n<\/strong><\/a><\/p>\n<p>[\/et_pb_text][\/et_pb_column][et_pb_column type=&#8221;1_2&#8243;][et_pb_text _builder_version=&#8221;3.14&#8243; header_4_font=&#8221;|600||on|||||&#8221; header_4_text_align=&#8221;left&#8221; header_4_font_size=&#8221;24px&#8221;]<\/p>\n<h4 class=\"title_underline left\">LET&#8217;S TALK<\/h4>\n<p>Complete the form to get in touch with us and receive more information.<br \/>\n\n<div class=\"wpcf7 no-js\" id=\"wpcf7-f4381-o1\" lang=\"es-ES\" dir=\"ltr\" data-wpcf7-id=\"4381\">\n<div class=\"screen-reader-response\"><p role=\"status\" aria-live=\"polite\" aria-atomic=\"true\"><\/p> <ul><\/ul><\/div>\n<form action=\"\/en\/wp-json\/wp\/v2\/pages\/4361#wpcf7-f4381-o1\" method=\"post\" class=\"wpcf7-form init\" aria-label=\"Formulario de contacto\" novalidate=\"novalidate\" data-status=\"init\">\n<fieldset class=\"hidden-fields-container\"><input type=\"hidden\" name=\"_wpcf7\" value=\"4381\" \/><input type=\"hidden\" name=\"_wpcf7_version\" value=\"6.1.5\" \/><input type=\"hidden\" name=\"_wpcf7_locale\" value=\"es_ES\" \/><input type=\"hidden\" name=\"_wpcf7_unit_tag\" value=\"wpcf7-f4381-o1\" \/><input type=\"hidden\" name=\"_wpcf7_container_post\" value=\"0\" \/><input type=\"hidden\" name=\"_wpcf7_posted_data_hash\" value=\"\" \/><input type=\"hidden\" name=\"_wpcf7_recaptcha_response\" value=\"\" \/>\n<\/fieldset>\n<div id=\"contact_form\">\n\t<div class=\"row_field\">\n\t\t<p><span class=\"wpcf7-form-control-wrap\" data-name=\"your-name\"><input size=\"40\" maxlength=\"400\" class=\"wpcf7-form-control wpcf7-text wpcf7-validates-as-required\" aria-required=\"true\" aria-invalid=\"false\" placeholder=\"Name*\" value=\"\" type=\"text\" name=\"your-name\" \/><\/span>\n\t\t<\/p>\n\t<\/div>\n\t<div class=\"row_field\">\n\t\t<p><span class=\"wpcf7-form-control-wrap\" data-name=\"your-email\"><input size=\"40\" maxlength=\"400\" class=\"wpcf7-form-control wpcf7-email wpcf7-validates-as-required wpcf7-text wpcf7-validates-as-email\" aria-required=\"true\" aria-invalid=\"false\" placeholder=\"your@email.com*\" value=\"\" type=\"email\" name=\"your-email\" \/><\/span>\n\t\t<\/p>\n\t<\/div>\n\t<div class=\"row_field\">\n\t\t<p><span class=\"wpcf7-form-control-wrap\" data-name=\"tel-945\"><input size=\"40\" maxlength=\"400\" class=\"wpcf7-form-control wpcf7-tel wpcf7-text wpcf7-validates-as-tel\" aria-invalid=\"false\" placeholder=\"Your telephone\" value=\"\" type=\"tel\" name=\"tel-945\" \/><\/span>\n\t\t<\/p>\n\t<\/div>\n\t<div class=\"row_field\">\n\t\t<p><span class=\"wpcf7-form-control-wrap\" data-name=\"your-message\"><textarea cols=\"40\" rows=\"10\" maxlength=\"2000\" class=\"wpcf7-form-control wpcf7-textarea\" aria-invalid=\"false\" placeholder=\"Your message*\" name=\"your-message\"><\/textarea><\/span>\n\t\t<\/p>\n\t<\/div>\n\t<div class=\"row_field politica\">\n\t\t<p><span class=\"wpcf7-form-control-wrap\" data-name=\"acceptance-890\"><span class=\"wpcf7-form-control wpcf7-acceptance optional\"><span class=\"wpcf7-list-item\"><input type=\"checkbox\" name=\"acceptance-890\" value=\"1\" aria-invalid=\"false\" \/><\/span><\/span><\/span> I have read and accept the <a href=\"\/politica-privacidad\" target=\"_blank\">Privacy Policy<\/a>\n\t\t<\/p>\n\t<\/div>\n\t<div class=\"row_field btn_cnt\">\n\t\t<p><input class=\"wpcf7-form-control wpcf7-submit has-spinner\" type=\"submit\" value=\"Submit\" \/>\n\t\t<\/p>\n\t<\/div>\n<\/div><div class=\"wpcf7-response-output\" aria-hidden=\"true\"><\/div>\n<\/form>\n<\/div>\n<\/p>\n<p>[\/et_pb_text][\/et_pb_column][\/et_pb_row][\/et_pb_section]<\/p>\n","protected":false},"excerpt":{"rendered":"<p><div class=\"et_pb_row et_pb_row_0 et_pb_row_empty\">\n\t\t\t\t\n\t\t\t\t\n\t\t\t\t\n\t\t\t\t\n\t\t\t\t\n\t\t\t<\/div> <span><span><a href=\"https:\/\/www.grupocanto.com\/en\/home\/\">Home<\/a><\/span><\/span> \u00c0gora Alcoi <div id='data_project' class='col-sm-12 no-padding'><div class='client_project col-sm-6 float-left no-padding '> <label class='col-sm-12 no-padding'>Cliente<\/label><span class='col-sm-12 no-padding'>Particular<\/span><\/div><div class='date_project col-sm-6 float-left no-padding'> <label class='col-sm-12 no-padding'>Fecha<\/label><span class='col-sm-12 no-padding'>08\/02\/2011<\/span><\/div><\/div><div id='data_project' class='col-sm-12 no-padding'><div class='location_project col-sm-6 float-left no-padding '> <label class='col-sm-12 no-padding'>Ubicaci\u00f3n<\/label><span class='col-sm-12 no-padding'>Plaza Ram\u00f3n y Cajal num. 6, Alcoy<\/span><\/div><div class='tecnical_project col-sm-6 float-left no-padding'> <label class='col-sm-12 no-padding'>T\u00e9cnicos<\/label><span class='col-sm-12 no-padding'><\/span><\/div><\/div><div class=\"et_pb_row et_pb_row_1 et_pb_row_empty\">\n\t\t\t\t\n\t\t\t\t\n\t\t\t\t\n\t\t\t\t\n\t\t\t\t\n\t\t\t<\/div> \u00c1gora Alcoy is a space that has been completely remodelled and rehabilitated, a multipurpose building used for any event. The remodelling was complete, from de roof, to the fa\u00e7ade and the interior. We designed a new concept of open area. We utilised high quality materials and offered a new general [&hellip;]<\/p>\n","protected":false},"author":2,"featured_media":0,"parent":4348,"menu_order":0,"comment_status":"closed","ping_status":"closed","template":"","meta":{"_acf_changed":false,"_et_pb_use_builder":"on","_et_pb_old_content":"","_et_gb_content_width":"","_joinchat":[],"footnotes":""},"class_list":["post-4361","page","type-page","status-publish","hentry"],"acf":{"photo_gallery":{"img_header_slider":[[{"id":4357,"title":"rehab","caption":"","full_image_url":"https:\/\/www.grupocanto.com\/wp-content\/uploads\/2018\/12\/rehab.jpg","thumbnail_image_url":"https:\/\/www.grupocanto.com\/wp-content\/uploads\/2018\/12\/rehab-150x150.jpg","large_srcset":"https:\/\/www.grupocanto.com\/wp-content\/uploads\/2018\/12\/rehab-1544x600.jpg 1544w, https:\/\/www.grupocanto.com\/wp-content\/uploads\/2018\/12\/rehab-300x117.jpg 300w, https:\/\/www.grupocanto.com\/wp-content\/uploads\/2018\/12\/rehab-768x298.jpg 768w, https:\/\/www.grupocanto.com\/wp-content\/uploads\/2018\/12\/rehab-1080x420.jpg 1080w, https:\/\/www.grupocanto.com\/wp-content\/uploads\/2018\/12\/rehab.jpg 1920w","medium_srcset":"https:\/\/www.grupocanto.com\/wp-content\/uploads\/2018\/12\/rehab-300x117.jpg 300w, https:\/\/www.grupocanto.com\/wp-content\/uploads\/2018\/12\/rehab-768x298.jpg 768w, https:\/\/www.grupocanto.com\/wp-content\/uploads\/2018\/12\/rehab-1544x600.jpg 1544w, https:\/\/www.grupocanto.com\/wp-content\/uploads\/2018\/12\/rehab-1080x420.jpg 1080w, https:\/\/www.grupocanto.com\/wp-content\/uploads\/2018\/12\/rehab.jpg 1920w","media_details":{"width":1920,"height":746,"sizes":{"thumbnail":{"file":"rehab-150x150.jpg","width":150,"height":150,"mime-type":"image\/jpeg","source_url":"https:\/\/www.grupocanto.com\/wp-content\/uploads\/2018\/12\/rehab-150x150.jpg"},"medium":{"file":"rehab-300x117.jpg","width":300,"height":117,"mime-type":"image\/jpeg","source_url":"https:\/\/www.grupocanto.com\/wp-content\/uploads\/2018\/12\/rehab-300x117.jpg"},"medium_large":{"file":"rehab-768x298.jpg","width":768,"height":298,"mime-type":"image\/jpeg","source_url":"https:\/\/www.grupocanto.com\/wp-content\/uploads\/2018\/12\/rehab-768x298.jpg"},"large":{"file":"rehab-1544x600.jpg","width":1544,"height":600,"mime-type":"image\/jpeg","source_url":"https:\/\/www.grupocanto.com\/wp-content\/uploads\/2018\/12\/rehab-1544x600.jpg"},"custom-size":{"file":"rehab-390x250.jpg","width":390,"height":250,"mime-type":"image\/jpeg","source_url":"https:\/\/www.grupocanto.com\/wp-content\/uploads\/2018\/12\/rehab-390x250.jpg"},"img_slide":{"file":"rehab-1920x600.jpg","width":1920,"height":600,"mime-type":"image\/jpeg","source_url":"https:\/\/www.grupocanto.com\/wp-content\/uploads\/2018\/12\/rehab-1920x600.jpg"},"et-pb-post-main-image":{"file":"rehab-400x250.jpg","width":400,"height":250,"mime-type":"image\/jpeg","source_url":"https:\/\/www.grupocanto.com\/wp-content\/uploads\/2018\/12\/rehab-400x250.jpg"},"et-pb-post-main-image-fullwidth":{"file":"rehab-1080x675.jpg","width":1080,"height":675,"mime-type":"image\/jpeg","source_url":"https:\/\/www.grupocanto.com\/wp-content\/uploads\/2018\/12\/rehab-1080x675.jpg"},"et-pb-portfolio-image":{"file":"rehab-400x284.jpg","width":400,"height":284,"mime-type":"image\/jpeg","source_url":"https:\/\/www.grupocanto.com\/wp-content\/uploads\/2018\/12\/rehab-400x284.jpg"},"et-pb-portfolio-module-image":{"file":"rehab-510x382.jpg","width":510,"height":382,"mime-type":"image\/jpeg","source_url":"https:\/\/www.grupocanto.com\/wp-content\/uploads\/2018\/12\/rehab-510x382.jpg"},"et-pb-portfolio-image-single":{"file":"rehab-1080x420.jpg","width":1080,"height":420,"mime-type":"image\/jpeg","source_url":"https:\/\/www.grupocanto.com\/wp-content\/uploads\/2018\/12\/rehab-1080x420.jpg"},"et-pb-gallery-module-image-portrait":{"file":"rehab-400x516.jpg","width":400,"height":516,"mime-type":"image\/jpeg","source_url":"https:\/\/www.grupocanto.com\/wp-content\/uploads\/2018\/12\/rehab-400x516.jpg"}}},"alt_text":"","url":"","target":""},{"id":4349,"title":"construcciones","caption":"","full_image_url":"https:\/\/www.grupocanto.com\/wp-content\/uploads\/2018\/12\/construcciones.jpg","thumbnail_image_url":"https:\/\/www.grupocanto.com\/wp-content\/uploads\/2018\/12\/construcciones-150x150.jpg","large_srcset":"https:\/\/www.grupocanto.com\/wp-content\/uploads\/2018\/12\/construcciones-1544x600.jpg 1544w, https:\/\/www.grupocanto.com\/wp-content\/uploads\/2018\/12\/construcciones-300x117.jpg 300w, https:\/\/www.grupocanto.com\/wp-content\/uploads\/2018\/12\/construcciones-768x298.jpg 768w, https:\/\/www.grupocanto.com\/wp-content\/uploads\/2018\/12\/construcciones-1080x420.jpg 1080w, https:\/\/www.grupocanto.com\/wp-content\/uploads\/2018\/12\/construcciones.jpg 1920w","medium_srcset":"https:\/\/www.grupocanto.com\/wp-content\/uploads\/2018\/12\/construcciones-300x117.jpg 300w, https:\/\/www.grupocanto.com\/wp-content\/uploads\/2018\/12\/construcciones-768x298.jpg 768w, https:\/\/www.grupocanto.com\/wp-content\/uploads\/2018\/12\/construcciones-1544x600.jpg 1544w, https:\/\/www.grupocanto.com\/wp-content\/uploads\/2018\/12\/construcciones-1080x420.jpg 1080w, https:\/\/www.grupocanto.com\/wp-content\/uploads\/2018\/12\/construcciones.jpg 1920w","media_details":{"width":1920,"height":746,"sizes":{"thumbnail":{"file":"construcciones-150x150.jpg","width":150,"height":150,"mime-type":"image\/jpeg","source_url":"https:\/\/www.grupocanto.com\/wp-content\/uploads\/2018\/12\/construcciones-150x150.jpg"},"medium":{"file":"construcciones-300x117.jpg","width":300,"height":117,"mime-type":"image\/jpeg","source_url":"https:\/\/www.grupocanto.com\/wp-content\/uploads\/2018\/12\/construcciones-300x117.jpg"},"medium_large":{"file":"construcciones-768x298.jpg","width":768,"height":298,"mime-type":"image\/jpeg","source_url":"https:\/\/www.grupocanto.com\/wp-content\/uploads\/2018\/12\/construcciones-768x298.jpg"},"large":{"file":"construcciones-1544x600.jpg","width":1544,"height":600,"mime-type":"image\/jpeg","source_url":"https:\/\/www.grupocanto.com\/wp-content\/uploads\/2018\/12\/construcciones-1544x600.jpg"},"custom-size":{"file":"construcciones-390x250.jpg","width":390,"height":250,"mime-type":"image\/jpeg","source_url":"https:\/\/www.grupocanto.com\/wp-content\/uploads\/2018\/12\/construcciones-390x250.jpg"},"img_slide":{"file":"construcciones-1920x600.jpg","width":1920,"height":600,"mime-type":"image\/jpeg","source_url":"https:\/\/www.grupocanto.com\/wp-content\/uploads\/2018\/12\/construcciones-1920x600.jpg"},"et-pb-post-main-image":{"file":"construcciones-400x250.jpg","width":400,"height":250,"mime-type":"image\/jpeg","source_url":"https:\/\/www.grupocanto.com\/wp-content\/uploads\/2018\/12\/construcciones-400x250.jpg"},"et-pb-post-main-image-fullwidth":{"file":"construcciones-1080x675.jpg","width":1080,"height":675,"mime-type":"image\/jpeg","source_url":"https:\/\/www.grupocanto.com\/wp-content\/uploads\/2018\/12\/construcciones-1080x675.jpg"},"et-pb-portfolio-image":{"file":"construcciones-400x284.jpg","width":400,"height":284,"mime-type":"image\/jpeg","source_url":"https:\/\/www.grupocanto.com\/wp-content\/uploads\/2018\/12\/construcciones-400x284.jpg"},"et-pb-portfolio-module-image":{"file":"construcciones-510x382.jpg","width":510,"height":382,"mime-type":"image\/jpeg","source_url":"https:\/\/www.grupocanto.com\/wp-content\/uploads\/2018\/12\/construcciones-510x382.jpg"},"et-pb-portfolio-image-single":{"file":"construcciones-1080x420.jpg","width":1080,"height":420,"mime-type":"image\/jpeg","source_url":"https:\/\/www.grupocanto.com\/wp-content\/uploads\/2018\/12\/construcciones-1080x420.jpg"},"et-pb-gallery-module-image-portrait":{"file":"construcciones-400x516.jpg","width":400,"height":516,"mime-type":"image\/jpeg","source_url":"https:\/\/www.grupocanto.com\/wp-content\/uploads\/2018\/12\/construcciones-400x516.jpg"}}},"alt_text":"","url":"","target":""}]]}},"yoast_head":"<!-- This site is optimized with the Yoast SEO plugin v27.3 - https:\/\/yoast.com\/product\/yoast-seo-wordpress\/ -->\n<title>Construction company of industrial buildings in Alicante - Grupo Cant\u00f3<\/title>\n<meta name=\"description\" content=\"For the construction of industrial buildings we use the most advanced and qualified technological means. We work throughout the province of Alicante.\" \/>\n<meta name=\"robots\" content=\"index, follow, max-snippet:-1, max-image-preview:large, max-video-preview:-1\" \/>\n<link rel=\"canonical\" href=\"https:\/\/www.grupocanto.com\/en\/construction\/industrial-work\/\" \/>\n<meta property=\"og:locale\" content=\"en_US\" \/>\n<meta property=\"og:type\" content=\"article\" \/>\n<meta property=\"og:title\" content=\"Construction company of industrial buildings in Alicante - Grupo Cant\u00f3\" \/>\n<meta property=\"og:description\" content=\"For the construction of industrial buildings we use the most advanced and qualified technological means. We work throughout the province of Alicante.\" \/>\n<meta property=\"og:url\" content=\"https:\/\/www.grupocanto.com\/en\/construction\/industrial-work\/\" \/>\n<meta property=\"og:site_name\" content=\"Grupo Cant\u00f3\" \/>\n<meta property=\"article:modified_time\" content=\"2019-06-04T06:26:35+00:00\" \/>\n<meta name=\"twitter:card\" content=\"summary_large_image\" \/>\n<meta name=\"twitter:label1\" content=\"Est. reading time\" \/>\n\t<meta name=\"twitter:data1\" content=\"4 minutes\" \/>\n<script type=\"application\/ld+json\" class=\"yoast-schema-graph\">{\"@context\":\"https:\\\/\\\/schema.org\",\"@graph\":[{\"@type\":\"WebPage\",\"@id\":\"https:\\\/\\\/www.grupocanto.com\\\/en\\\/construction\\\/industrial-work\\\/\",\"url\":\"https:\\\/\\\/www.grupocanto.com\\\/en\\\/construction\\\/industrial-work\\\/\",\"name\":\"Construction company of industrial buildings in Alicante - Grupo Cant\u00f3\",\"isPartOf\":{\"@id\":\"https:\\\/\\\/www.grupocanto.com\\\/#website\"},\"datePublished\":\"2019-04-04T07:26:05+00:00\",\"dateModified\":\"2019-06-04T06:26:35+00:00\",\"description\":\"For the construction of industrial buildings we use the most advanced and qualified technological means. We work throughout the province of Alicante.\",\"breadcrumb\":{\"@id\":\"https:\\\/\\\/www.grupocanto.com\\\/en\\\/construction\\\/industrial-work\\\/#breadcrumb\"},\"inLanguage\":\"en-US\",\"potentialAction\":[{\"@type\":\"ReadAction\",\"target\":[\"https:\\\/\\\/www.grupocanto.com\\\/en\\\/construction\\\/industrial-work\\\/\"]}]},{\"@type\":\"BreadcrumbList\",\"@id\":\"https:\\\/\\\/www.grupocanto.com\\\/en\\\/construction\\\/industrial-work\\\/#breadcrumb\",\"itemListElement\":[{\"@type\":\"ListItem\",\"position\":1,\"name\":\"Home\",\"item\":\"https:\\\/\\\/www.grupocanto.com\\\/en\\\/home\\\/\"},{\"@type\":\"ListItem\",\"position\":2,\"name\":\"Construction\",\"item\":\"https:\\\/\\\/www.grupocanto.com\\\/en\\\/construction\\\/\"},{\"@type\":\"ListItem\",\"position\":3,\"name\":\"Industrial work\"}]},{\"@type\":\"WebSite\",\"@id\":\"https:\\\/\\\/www.grupocanto.com\\\/#website\",\"url\":\"https:\\\/\\\/www.grupocanto.com\\\/\",\"name\":\"Grupo Cant\u00f3\",\"description\":\"En construcciones cant\u00f3 somos especialistas en construcci\u00f3n, reformas y rehabilitaciones. Trabajamos en alicante, elche, campello, benidorm, javea, denia, elda, villena.\",\"potentialAction\":[{\"@type\":\"SearchAction\",\"target\":{\"@type\":\"EntryPoint\",\"urlTemplate\":\"https:\\\/\\\/www.grupocanto.com\\\/?s={search_term_string}\"},\"query-input\":{\"@type\":\"PropertyValueSpecification\",\"valueRequired\":true,\"valueName\":\"search_term_string\"}}],\"inLanguage\":\"en-US\"}]}<\/script>\n<!-- \/ Yoast SEO plugin. -->","yoast_head_json":{"title":"Construction company of industrial buildings in Alicante - Grupo Cant\u00f3","description":"For the construction of industrial buildings we use the most advanced and qualified technological means. We work throughout the province of Alicante.","robots":{"index":"index","follow":"follow","max-snippet":"max-snippet:-1","max-image-preview":"max-image-preview:large","max-video-preview":"max-video-preview:-1"},"canonical":"https:\/\/www.grupocanto.com\/en\/construction\/industrial-work\/","og_locale":"en_US","og_type":"article","og_title":"Construction company of industrial buildings in Alicante - Grupo Cant\u00f3","og_description":"For the construction of industrial buildings we use the most advanced and qualified technological means. We work throughout the province of Alicante.","og_url":"https:\/\/www.grupocanto.com\/en\/construction\/industrial-work\/","og_site_name":"Grupo Cant\u00f3","article_modified_time":"2019-06-04T06:26:35+00:00","twitter_card":"summary_large_image","twitter_misc":{"Est. reading time":"4 minutes"},"schema":{"@context":"https:\/\/schema.org","@graph":[{"@type":"WebPage","@id":"https:\/\/www.grupocanto.com\/en\/construction\/industrial-work\/","url":"https:\/\/www.grupocanto.com\/en\/construction\/industrial-work\/","name":"Construction company of industrial buildings in Alicante - Grupo Cant\u00f3","isPartOf":{"@id":"https:\/\/www.grupocanto.com\/#website"},"datePublished":"2019-04-04T07:26:05+00:00","dateModified":"2019-06-04T06:26:35+00:00","description":"For the construction of industrial buildings we use the most advanced and qualified technological means. We work throughout the province of Alicante.","breadcrumb":{"@id":"https:\/\/www.grupocanto.com\/en\/construction\/industrial-work\/#breadcrumb"},"inLanguage":"en-US","potentialAction":[{"@type":"ReadAction","target":["https:\/\/www.grupocanto.com\/en\/construction\/industrial-work\/"]}]},{"@type":"BreadcrumbList","@id":"https:\/\/www.grupocanto.com\/en\/construction\/industrial-work\/#breadcrumb","itemListElement":[{"@type":"ListItem","position":1,"name":"Home","item":"https:\/\/www.grupocanto.com\/en\/home\/"},{"@type":"ListItem","position":2,"name":"Construction","item":"https:\/\/www.grupocanto.com\/en\/construction\/"},{"@type":"ListItem","position":3,"name":"Industrial work"}]},{"@type":"WebSite","@id":"https:\/\/www.grupocanto.com\/#website","url":"https:\/\/www.grupocanto.com\/","name":"Grupo Cant\u00f3","description":"En construcciones cant\u00f3 somos especialistas en construcci\u00f3n, reformas y rehabilitaciones. Trabajamos en alicante, elche, campello, benidorm, javea, denia, elda, villena.","potentialAction":[{"@type":"SearchAction","target":{"@type":"EntryPoint","urlTemplate":"https:\/\/www.grupocanto.com\/?s={search_term_string}"},"query-input":{"@type":"PropertyValueSpecification","valueRequired":true,"valueName":"search_term_string"}}],"inLanguage":"en-US"}]}},"_links":{"self":[{"href":"https:\/\/www.grupocanto.com\/en\/wp-json\/wp\/v2\/pages\/4361","targetHints":{"allow":["GET"]}}],"collection":[{"href":"https:\/\/www.grupocanto.com\/en\/wp-json\/wp\/v2\/pages"}],"about":[{"href":"https:\/\/www.grupocanto.com\/en\/wp-json\/wp\/v2\/types\/page"}],"author":[{"embeddable":true,"href":"https:\/\/www.grupocanto.com\/en\/wp-json\/wp\/v2\/users\/2"}],"replies":[{"embeddable":true,"href":"https:\/\/www.grupocanto.com\/en\/wp-json\/wp\/v2\/comments?post=4361"}],"version-history":[{"count":0,"href":"https:\/\/www.grupocanto.com\/en\/wp-json\/wp\/v2\/pages\/4361\/revisions"}],"up":[{"embeddable":true,"href":"https:\/\/www.grupocanto.com\/en\/wp-json\/wp\/v2\/pages\/4348"}],"wp:attachment":[{"href":"https:\/\/www.grupocanto.com\/en\/wp-json\/wp\/v2\/media?parent=4361"}],"curies":[{"name":"wp","href":"https:\/\/api.w.org\/{rel}","templated":true}]}}