{"id":4369,"date":"2018-12-23T22:25:20","date_gmt":"2018-12-23T22:25:20","guid":{"rendered":"http:\/\/gcanto.acceseo.com.es\/videos\/"},"modified":"2019-06-04T06:21:58","modified_gmt":"2019-06-04T06:21:58","slug":"videos","status":"publish","type":"page","link":"https:\/\/www.grupocanto.com\/en\/videos\/","title":{"rendered":"Videos"},"content":{"rendered":"<p>[et_pb_section bb_built=&#8221;1&#8243; _builder_version=&#8221;3.0.47&#8243; next_background_color=&#8221;#000000&#8243;][et_pb_row _builder_version=&#8221;3.0.48&#8243; background_size=&#8221;initial&#8221; background_position=&#8221;top_left&#8221; background_repeat=&#8221;repeat&#8221;][et_pb_column type=&#8221;4_4&#8243;][et_pb_text _builder_version=&#8221;3.14&#8243; header_font=&#8221;|600|||||||&#8221; header_text_align=&#8221;center&#8221; header_text_color=&#8221;#2c4a6d&#8221; header_line_height=&#8221;30&#8243;]<\/p>\n<h1 class=\"title_underline\">VIDEOS<\/h1>\n<p>We have a lot to tell you about everything we are capable of doing! We want you to know everything, but we know that our constructions speak for themselves so &#8230; Better if you look at yourself!<\/p>\n<p>[\/et_pb_text][\/et_pb_column][\/et_pb_row][et_pb_row _builder_version=&#8221;3.0.48&#8243; background_size=&#8221;initial&#8221; background_position=&#8221;top_left&#8221; background_repeat=&#8221;repeat&#8221;][et_pb_column type=&#8221;4_4&#8243;][et_pb_video src=&#8221;https:\/\/www.grupocanto.com\/wp-content\/themes\/GrupoCanto\/video\/videocanto.mp4&#8243; src_webm=&#8221;https:\/\/www.grupocanto.com\/wp-content\/themes\/GrupoCanto\/video\/videocanto.webm&#8221; _builder_version=&#8221;3.14&#8243; \/][et_pb_text _builder_version=&#8221;3.14&#8243; text_font=&#8221;|600|||||||&#8221; text_text_color=&#8221;#2c2c2c&#8221; text_font_size=&#8221;18px&#8221; text_line_height=&#8221;21px&#8221;]<\/p>\n<p>Construction of a detached house<\/p>\n<p>[\/et_pb_text][\/et_pb_column][\/et_pb_row][et_pb_row _builder_version=&#8221;3.0.48&#8243; background_size=&#8221;initial&#8221; background_position=&#8221;top_left&#8221; background_repeat=&#8221;repeat&#8221;][et_pb_column type=&#8221;1_2&#8243;][et_pb_code _builder_version=&#8221;3.14&#8243;]&lt;iframe width=&quot;560&quot; height=&quot;315&quot; src=&quot;https:\/\/www.youtube.com\/embed\/zDYxrt2f-uQ&quot; frameborder=&quot;0&quot; allow=&quot;accelerometer; autoplay; encrypted-media; gyroscope; picture-in-picture&quot; allowfullscreen&gt;&lt;\/iframe&gt;[\/et_pb_code][et_pb_text _builder_version=&#8221;3.14&#8243; text_font=&#8221;|600|||||||&#8221; text_text_color=&#8221;#2c2c2c&#8221; text_font_size=&#8221;18px&#8221; text_line_height=&#8221;21px&#8221;]<\/p>\n<p>Housing reform in Alcoy<\/p>\n<p>[\/et_pb_text][\/et_pb_column][et_pb_column type=&#8221;1_2&#8243;][et_pb_code _builder_version=&#8221;3.14&#8243;]&lt;iframe width=&quot;560&quot; height=&quot;315&quot; src=&quot;https:\/\/www.youtube.com\/embed\/0dbJYKq6i88&quot; frameborder=&quot;0&quot; allow=&quot;accelerometer; autoplay; encrypted-media; gyroscope; picture-in-picture&quot; allowfullscreen&gt;&lt;\/iframe&gt;[\/et_pb_code][et_pb_text _builder_version=&#8221;3.14&#8243; text_font=&#8221;|600|||||||&#8221; text_text_color=&#8221;#2c2c2c&#8221; text_font_size=&#8221;18px&#8221; text_line_height=&#8221;21px&#8221;]<\/p>\n<p>Work on the Viaduct in Alcoy<\/p>\n<p>[\/et_pb_text][\/et_pb_column][\/et_pb_row][et_pb_row _builder_version=&#8221;3.0.48&#8243; background_size=&#8221;initial&#8221; background_position=&#8221;top_left&#8221; background_repeat=&#8221;repeat&#8221;][et_pb_column type=&#8221;4_4&#8243;][et_pb_code _builder_version=&#8221;3.14&#8243;]&lt;iframe width=&quot;560&quot; height=&quot;315&quot; src=&quot;https:\/\/www.youtube.com\/embed\/0srq4vbq6ws&quot; frameborder=&quot;0&quot; allow=&quot;accelerometer; autoplay; encrypted-media; gyroscope; picture-in-picture&quot; allowfullscreen&gt;&lt;\/iframe&gt;[\/et_pb_code][et_pb_text _builder_version=&#8221;3.14&#8243; text_font=&#8221;|600|||||||&#8221; text_text_color=&#8221;#2c2c2c&#8221; text_font_size=&#8221;18px&#8221; text_line_height=&#8221;21px&#8221;]<\/p>\n<p>Home building<\/p>\n<p>[\/et_pb_text][\/et_pb_column][\/et_pb_row][\/et_pb_section][et_pb_section bb_built=&#8221;1&#8243; _builder_version=&#8221;3.14&#8243; background_image=&#8221;https:\/\/www.grupocanto.com\/wp-content\/uploads\/2018\/12\/bg-cta.jpg&#8221; prev_background_color=&#8221;#ffffff&#8221;][et_pb_row use_custom_width=&#8221;on&#8221; custom_width_px=&#8221;1074px&#8221; _builder_version=&#8221;3.14&#8243;][et_pb_column type=&#8221;4_4&#8243;][et_pb_text module_class=&#8221;contact_footer&#8221; _builder_version=&#8221;3.14&#8243; text_orientation=&#8221;center&#8221;]<\/p>\n<p style=\"font-size: 22px;\" class=\"title_contact title_underline\">LET&#8217;S TALK<\/p>\n<p><span>Contact us so that we can advise you on any questions you have with the work or reform you need.<\/span><\/p>\n<p>[\/et_pb_text][et_pb_button button_url=&#8221;#&#8221; button_text=&#8221;CONTACT US&#8221; button_alignment=&#8221;center&#8221; _builder_version=&#8221;3.14&#8243; custom_button=&#8221;on&#8221; button_text_color=&#8221;#2c4a6d&#8221; button_bg_color=&#8221;#ffffff&#8221; button_border_width=&#8221;3&#8243; button_border_color=&#8221;#f9f9f9&#8243; button_border_radius=&#8221;0&#8243; button_font=&#8221;|600||on|||||&#8221; button_icon=&#8221;%%3%%&#8221; button_icon_color=&#8221;#2c4a6d&#8221; button_on_hover=&#8221;off&#8221; box_shadow_style=&#8221;preset1&#8243; box_shadow_horizontal=&#8221;2px&#8221; box_shadow_vertical=&#8221;3px&#8221; box_shadow_blur=&#8221;8px&#8221; box_shadow_color=&#8221;rgba(0,0,0,0.17)&#8221; custom_padding=&#8221;19px|77px|15px|85px&#8221; \/][\/et_pb_column][\/et_pb_row][\/et_pb_section]<\/p>\n","protected":false},"excerpt":{"rendered":"<p>VIDEOS We have a lot to tell you about everything we are capable of doing! We want you to know everything, but we know that our constructions speak for themselves so &#8230; Better if you look at yourself! Construction of a detached house Housing reform in Alcoy Work on the Viaduct in Alcoy Home building [&hellip;]<\/p>\n","protected":false},"author":2,"featured_media":0,"parent":0,"menu_order":0,"comment_status":"closed","ping_status":"closed","template":"","meta":{"_acf_changed":false,"_et_pb_use_builder":"on","_et_pb_old_content":"","_et_gb_content_width":"","_joinchat":[],"footnotes":""},"class_list":["post-4369","page","type-page","status-publish","hentry"],"acf":{"photo_gallery":{"img_header_slider":[[]]}},"yoast_head":"<!-- This site is optimized with the Yoast SEO plugin v27.3 - https:\/\/yoast.com\/product\/yoast-seo-wordpress\/ -->\n<title>Tracking videos of Works in Alicante - Grupo Cant\u00f3<\/title>\n<meta name=\"description\" content=\"In this category we have videos of the Works, which contrast before and after our professional service, thanks to the follow-up with Videos.\" \/>\n<meta name=\"robots\" content=\"index, follow, max-snippet:-1, max-image-preview:large, max-video-preview:-1\" \/>\n<link rel=\"canonical\" href=\"https:\/\/www.grupocanto.com\/en\/videos\/\" \/>\n<meta property=\"og:locale\" content=\"en_US\" \/>\n<meta property=\"og:type\" content=\"article\" \/>\n<meta property=\"og:title\" content=\"Tracking videos of Works in Alicante - Grupo Cant\u00f3\" \/>\n<meta property=\"og:description\" content=\"In this category we have videos of the Works, which contrast before and after our professional service, thanks to the follow-up with Videos.\" \/>\n<meta property=\"og:url\" content=\"https:\/\/www.grupocanto.com\/en\/videos\/\" \/>\n<meta property=\"og:site_name\" content=\"Grupo Cant\u00f3\" \/>\n<meta property=\"article:modified_time\" content=\"2019-06-04T06:21:58+00:00\" \/>\n<meta name=\"twitter:card\" content=\"summary_large_image\" \/>\n<meta name=\"twitter:label1\" content=\"Est. reading time\" \/>\n\t<meta name=\"twitter:data1\" content=\"3 minutes\" \/>\n<script type=\"application\/ld+json\" class=\"yoast-schema-graph\">{\"@context\":\"https:\\\/\\\/schema.org\",\"@graph\":[{\"@type\":\"WebPage\",\"@id\":\"https:\\\/\\\/www.grupocanto.com\\\/en\\\/videos\\\/\",\"url\":\"https:\\\/\\\/www.grupocanto.com\\\/en\\\/videos\\\/\",\"name\":\"Tracking videos of Works in Alicante - Grupo Cant\u00f3\",\"isPartOf\":{\"@id\":\"https:\\\/\\\/www.grupocanto.com\\\/#website\"},\"datePublished\":\"2018-12-23T22:25:20+00:00\",\"dateModified\":\"2019-06-04T06:21:58+00:00\",\"description\":\"In this category we have videos of the Works, which contrast before and after our professional service, thanks to the follow-up with Videos.\",\"breadcrumb\":{\"@id\":\"https:\\\/\\\/www.grupocanto.com\\\/en\\\/videos\\\/#breadcrumb\"},\"inLanguage\":\"en-US\",\"potentialAction\":[{\"@type\":\"ReadAction\",\"target\":[\"https:\\\/\\\/www.grupocanto.com\\\/en\\\/videos\\\/\"]}]},{\"@type\":\"BreadcrumbList\",\"@id\":\"https:\\\/\\\/www.grupocanto.com\\\/en\\\/videos\\\/#breadcrumb\",\"itemListElement\":[{\"@type\":\"ListItem\",\"position\":1,\"name\":\"Home\",\"item\":\"https:\\\/\\\/www.grupocanto.com\\\/en\\\/home\\\/\"},{\"@type\":\"ListItem\",\"position\":2,\"name\":\"Videos\"}]},{\"@type\":\"WebSite\",\"@id\":\"https:\\\/\\\/www.grupocanto.com\\\/#website\",\"url\":\"https:\\\/\\\/www.grupocanto.com\\\/\",\"name\":\"Grupo Cant\u00f3\",\"description\":\"En construcciones cant\u00f3 somos especialistas en construcci\u00f3n, reformas y rehabilitaciones. Trabajamos en alicante, elche, campello, benidorm, javea, denia, elda, villena.\",\"potentialAction\":[{\"@type\":\"SearchAction\",\"target\":{\"@type\":\"EntryPoint\",\"urlTemplate\":\"https:\\\/\\\/www.grupocanto.com\\\/?s={search_term_string}\"},\"query-input\":{\"@type\":\"PropertyValueSpecification\",\"valueRequired\":true,\"valueName\":\"search_term_string\"}}],\"inLanguage\":\"en-US\"}]}<\/script>\n<!-- \/ Yoast SEO plugin. -->","yoast_head_json":{"title":"Tracking videos of Works in Alicante - Grupo Cant\u00f3","description":"In this category we have videos of the Works, which contrast before and after our professional service, thanks to the follow-up with Videos.","robots":{"index":"index","follow":"follow","max-snippet":"max-snippet:-1","max-image-preview":"max-image-preview:large","max-video-preview":"max-video-preview:-1"},"canonical":"https:\/\/www.grupocanto.com\/en\/videos\/","og_locale":"en_US","og_type":"article","og_title":"Tracking videos of Works in Alicante - Grupo Cant\u00f3","og_description":"In this category we have videos of the Works, which contrast before and after our professional service, thanks to the follow-up with Videos.","og_url":"https:\/\/www.grupocanto.com\/en\/videos\/","og_site_name":"Grupo Cant\u00f3","article_modified_time":"2019-06-04T06:21:58+00:00","twitter_card":"summary_large_image","twitter_misc":{"Est. reading time":"3 minutes"},"schema":{"@context":"https:\/\/schema.org","@graph":[{"@type":"WebPage","@id":"https:\/\/www.grupocanto.com\/en\/videos\/","url":"https:\/\/www.grupocanto.com\/en\/videos\/","name":"Tracking videos of Works in Alicante - Grupo Cant\u00f3","isPartOf":{"@id":"https:\/\/www.grupocanto.com\/#website"},"datePublished":"2018-12-23T22:25:20+00:00","dateModified":"2019-06-04T06:21:58+00:00","description":"In this category we have videos of the Works, which contrast before and after our professional service, thanks to the follow-up with Videos.","breadcrumb":{"@id":"https:\/\/www.grupocanto.com\/en\/videos\/#breadcrumb"},"inLanguage":"en-US","potentialAction":[{"@type":"ReadAction","target":["https:\/\/www.grupocanto.com\/en\/videos\/"]}]},{"@type":"BreadcrumbList","@id":"https:\/\/www.grupocanto.com\/en\/videos\/#breadcrumb","itemListElement":[{"@type":"ListItem","position":1,"name":"Home","item":"https:\/\/www.grupocanto.com\/en\/home\/"},{"@type":"ListItem","position":2,"name":"Videos"}]},{"@type":"WebSite","@id":"https:\/\/www.grupocanto.com\/#website","url":"https:\/\/www.grupocanto.com\/","name":"Grupo Cant\u00f3","description":"En construcciones cant\u00f3 somos especialistas en construcci\u00f3n, reformas y rehabilitaciones. Trabajamos en alicante, elche, campello, benidorm, javea, denia, elda, villena.","potentialAction":[{"@type":"SearchAction","target":{"@type":"EntryPoint","urlTemplate":"https:\/\/www.grupocanto.com\/?s={search_term_string}"},"query-input":{"@type":"PropertyValueSpecification","valueRequired":true,"valueName":"search_term_string"}}],"inLanguage":"en-US"}]}},"_links":{"self":[{"href":"https:\/\/www.grupocanto.com\/en\/wp-json\/wp\/v2\/pages\/4369","targetHints":{"allow":["GET"]}}],"collection":[{"href":"https:\/\/www.grupocanto.com\/en\/wp-json\/wp\/v2\/pages"}],"about":[{"href":"https:\/\/www.grupocanto.com\/en\/wp-json\/wp\/v2\/types\/page"}],"author":[{"embeddable":true,"href":"https:\/\/www.grupocanto.com\/en\/wp-json\/wp\/v2\/users\/2"}],"replies":[{"embeddable":true,"href":"https:\/\/www.grupocanto.com\/en\/wp-json\/wp\/v2\/comments?post=4369"}],"version-history":[{"count":0,"href":"https:\/\/www.grupocanto.com\/en\/wp-json\/wp\/v2\/pages\/4369\/revisions"}],"wp:attachment":[{"href":"https:\/\/www.grupocanto.com\/en\/wp-json\/wp\/v2\/media?parent=4369"}],"curies":[{"name":"wp","href":"https:\/\/api.w.org\/{rel}","templated":true}]}}