{"id":4376,"date":"2018-12-09T18:28:01","date_gmt":"2018-12-09T18:28:01","guid":{"rendered":"http:\/\/gcanto.acceseo.com.es\/contacto\/"},"modified":"2019-06-04T06:18:43","modified_gmt":"2019-06-04T06:18:43","slug":"contact","status":"publish","type":"page","link":"https:\/\/www.grupocanto.com\/en\/contact\/","title":{"rendered":"Contact"},"content":{"rendered":"<p>[et_pb_section bb_built=&#8221;1&#8243; fullwidth=&#8221;on&#8221; specialty=&#8221;off&#8221; next_background_color=&#8221;#f9f9f9&#8243; _builder_version=&#8221;3.14&#8243;][et_pb_fullwidth_image _builder_version=&#8221;3.14&#8243; src=&#8221;https:\/\/www.grupocanto.com\/wp-content\/uploads\/2018\/12\/contacto.jpg&#8221; \/][\/et_pb_section][et_pb_section bb_built=&#8221;1&#8243; specialty=&#8221;off&#8221; prev_background_color=&#8221;#ffffff&#8221; _builder_version=&#8221;3.14&#8243; background_color=&#8221;#f9f9f9&#8243; module_id=&#8221;page_contact&#8221; next_background_color=&#8221;#ffffff&#8221;][et_pb_row][et_pb_column type=&#8221;4_4&#8243;][et_pb_text _builder_version=&#8221;3.14&#8243; text_orientation=&#8221;center&#8221; header_text_align=&#8221;center&#8221;]<\/p>\n<h1 class=\"title_underline\">CONTACT US<\/h1>\n<p>Complete the form to get in touch with us without any commitment.<br \/>\nWe will attend you as soon as possible.<\/p>\n<p>[\/et_pb_text][\/et_pb_column][\/et_pb_row][et_pb_row _builder_version=&#8221;3.14&#8243; module_class_1=&#8221;contact_section&#8221;][et_pb_column type=&#8221;2_3&#8243;][et_pb_code _builder_version=&#8221;3.14&#8243;]\n<div class=\"wpcf7 no-js\" id=\"wpcf7-f4381-o1\" lang=\"es-ES\" dir=\"ltr\" data-wpcf7-id=\"4381\">\n<div class=\"screen-reader-response\"><p role=\"status\" aria-live=\"polite\" aria-atomic=\"true\"><\/p> <ul><\/ul><\/div>\n<form action=\"\/en\/wp-json\/wp\/v2\/pages\/4376#wpcf7-f4381-o1\" method=\"post\" class=\"wpcf7-form init\" aria-label=\"Formulario de contacto\" novalidate=\"novalidate\" data-status=\"init\">\n<fieldset class=\"hidden-fields-container\"><input type=\"hidden\" name=\"_wpcf7\" value=\"4381\" \/><input type=\"hidden\" name=\"_wpcf7_version\" value=\"6.1.5\" \/><input type=\"hidden\" name=\"_wpcf7_locale\" value=\"es_ES\" \/><input type=\"hidden\" name=\"_wpcf7_unit_tag\" value=\"wpcf7-f4381-o1\" \/><input type=\"hidden\" name=\"_wpcf7_container_post\" value=\"0\" \/><input type=\"hidden\" name=\"_wpcf7_posted_data_hash\" value=\"\" \/><input type=\"hidden\" name=\"_wpcf7_recaptcha_response\" value=\"\" \/>\n<\/fieldset>\n<div id=\"contact_form\">\n\t<div class=\"row_field\">\n\t\t<p><span class=\"wpcf7-form-control-wrap\" data-name=\"your-name\"><input size=\"40\" maxlength=\"400\" class=\"wpcf7-form-control wpcf7-text wpcf7-validates-as-required\" aria-required=\"true\" aria-invalid=\"false\" placeholder=\"Name*\" value=\"\" type=\"text\" name=\"your-name\" \/><\/span>\n\t\t<\/p>\n\t<\/div>\n\t<div class=\"row_field\">\n\t\t<p><span class=\"wpcf7-form-control-wrap\" data-name=\"your-email\"><input size=\"40\" maxlength=\"400\" class=\"wpcf7-form-control wpcf7-email wpcf7-validates-as-required wpcf7-text wpcf7-validates-as-email\" aria-required=\"true\" aria-invalid=\"false\" placeholder=\"your@email.com*\" value=\"\" type=\"email\" name=\"your-email\" \/><\/span>\n\t\t<\/p>\n\t<\/div>\n\t<div class=\"row_field\">\n\t\t<p><span class=\"wpcf7-form-control-wrap\" data-name=\"tel-945\"><input size=\"40\" maxlength=\"400\" class=\"wpcf7-form-control wpcf7-tel wpcf7-text wpcf7-validates-as-tel\" aria-invalid=\"false\" placeholder=\"Your telephone\" value=\"\" type=\"tel\" name=\"tel-945\" \/><\/span>\n\t\t<\/p>\n\t<\/div>\n\t<div class=\"row_field\">\n\t\t<p><span class=\"wpcf7-form-control-wrap\" data-name=\"your-message\"><textarea cols=\"40\" rows=\"10\" maxlength=\"2000\" class=\"wpcf7-form-control wpcf7-textarea\" aria-invalid=\"false\" placeholder=\"Your message*\" name=\"your-message\"><\/textarea><\/span>\n\t\t<\/p>\n\t<\/div>\n\t<div class=\"row_field politica\">\n\t\t<p><span class=\"wpcf7-form-control-wrap\" data-name=\"acceptance-890\"><span class=\"wpcf7-form-control wpcf7-acceptance optional\"><span class=\"wpcf7-list-item\"><input type=\"checkbox\" name=\"acceptance-890\" value=\"1\" aria-invalid=\"false\" \/><\/span><\/span><\/span> I have read and accept the <a href=\"\/politica-privacidad\" target=\"_blank\">Privacy Policy<\/a>\n\t\t<\/p>\n\t<\/div>\n\t<div class=\"row_field btn_cnt\">\n\t\t<p><input class=\"wpcf7-form-control wpcf7-submit has-spinner\" type=\"submit\" value=\"Submit\" \/>\n\t\t<\/p>\n\t<\/div>\n<\/div><div class=\"wpcf7-response-output\" aria-hidden=\"true\"><\/div>\n<\/form>\n<\/div>\n[\/et_pb_code][\/et_pb_column][et_pb_column type=&#8221;1_3&#8243;][et_pb_text _builder_version=&#8221;3.14&#8243;]<\/p>\n<ul class=\"info_contact\">\n<li><i class=\"fas fa-map-marker-alt\"><\/i>La Salle, 6<br \/>\n03803 Alcoy \u00b7 ALICANTE<\/li>\n<li><i class=\"fas fa-phone\"><\/i>965 330 126<\/li>\n<li><i class=\"far fa-envelope\"><\/i>info@promocionescanto.com<\/li>\n<\/ul>\n<p>[\/et_pb_text][\/et_pb_column][\/et_pb_row][\/et_pb_section][et_pb_section bb_built=&#8221;1&#8243; fullwidth=&#8221;on&#8221; specialty=&#8221;off&#8221; prev_background_color=&#8221;#f9f9f9&#8243;][et_pb_fullwidth_code _builder_version=&#8221;3.14&#8243;]&lt;iframe src=&#8221;https:\/\/www.google.com\/maps\/embed?pb=!1m18!1m12!1m3!1d3113.5102401634404!2d-0.4791613960411451!3d38.70609290046009!2m3!1f0!2f0!3f0!3m2!1i1024!2i768!4f13.1!3m3!1m2!1s0xd61864514827f11%3A0x9e1f847e5a8eaeec!2sCant%C3%B3+Obras+S+L!5e0!3m2!1ses!2ses!4v1544381087358&#8243; width=&#8221;100%&#8221; height=&#8221;450&#8243; frameborder=&#8221;0&#8243; style=&#8221;border:0&#8243; allowfullscreen&gt;&lt;\/iframe&gt;[\/et_pb_fullwidth_code][\/et_pb_section]<\/p>\n","protected":false},"excerpt":{"rendered":"<p><div class=\"et_pb_row et_pb_row_0 et_pb_row_empty\">\n\t\t\t\t\n\t\t\t\t\n\t\t\t\t\n\t\t\t\t\n\t\t\t\t\n\t\t\t<\/div> CONTACT US Complete the form to get in touch with us without any commitment. We will attend you as soon as possible. \n<div class=\"wpcf7 no-js\" id=\"wpcf7-f4381-o2\" lang=\"es-ES\" dir=\"ltr\" data-wpcf7-id=\"4381\">\n<div class=\"screen-reader-response\"><p role=\"status\" aria-live=\"polite\" aria-atomic=\"true\"><\/p> <ul><\/ul><\/div>\n<form action=\"\/en\/wp-json\/wp\/v2\/pages\/4376#wpcf7-f4381-o2\" method=\"post\" class=\"wpcf7-form init\" aria-label=\"Formulario de contacto\" novalidate=\"novalidate\" data-status=\"init\">\n<fieldset class=\"hidden-fields-container\"><input type=\"hidden\" name=\"_wpcf7\" value=\"4381\" \/><input type=\"hidden\" name=\"_wpcf7_version\" value=\"6.1.5\" \/><input type=\"hidden\" name=\"_wpcf7_locale\" value=\"es_ES\" \/><input type=\"hidden\" name=\"_wpcf7_unit_tag\" value=\"wpcf7-f4381-o2\" \/><input type=\"hidden\" name=\"_wpcf7_container_post\" value=\"0\" \/><input type=\"hidden\" name=\"_wpcf7_posted_data_hash\" value=\"\" \/><input type=\"hidden\" name=\"_wpcf7_recaptcha_response\" value=\"\" \/>\n<\/fieldset>\n<div id=\"contact_form\">\n\t<div class=\"row_field\">\n\t\t<p><span class=\"wpcf7-form-control-wrap\" data-name=\"your-name\"><input size=\"40\" maxlength=\"400\" class=\"wpcf7-form-control wpcf7-text wpcf7-validates-as-required\" aria-required=\"true\" aria-invalid=\"false\" placeholder=\"Name*\" value=\"\" type=\"text\" name=\"your-name\" \/><\/span>\n\t\t<\/p>\n\t<\/div>\n\t<div class=\"row_field\">\n\t\t<p><span class=\"wpcf7-form-control-wrap\" data-name=\"your-email\"><input size=\"40\" maxlength=\"400\" class=\"wpcf7-form-control wpcf7-email wpcf7-validates-as-required wpcf7-text wpcf7-validates-as-email\" aria-required=\"true\" aria-invalid=\"false\" placeholder=\"your@email.com*\" value=\"\" type=\"email\" name=\"your-email\" \/><\/span>\n\t\t<\/p>\n\t<\/div>\n\t<div class=\"row_field\">\n\t\t<p><span class=\"wpcf7-form-control-wrap\" data-name=\"tel-945\"><input size=\"40\" maxlength=\"400\" class=\"wpcf7-form-control wpcf7-tel wpcf7-text wpcf7-validates-as-tel\" aria-invalid=\"false\" placeholder=\"Your telephone\" value=\"\" type=\"tel\" name=\"tel-945\" \/><\/span>\n\t\t<\/p>\n\t<\/div>\n\t<div class=\"row_field\">\n\t\t<p><span class=\"wpcf7-form-control-wrap\" data-name=\"your-message\"><textarea cols=\"40\" rows=\"10\" maxlength=\"2000\" class=\"wpcf7-form-control wpcf7-textarea\" aria-invalid=\"false\" placeholder=\"Your message*\" name=\"your-message\"><\/textarea><\/span>\n\t\t<\/p>\n\t<\/div>\n\t<div class=\"row_field politica\">\n\t\t<p><span class=\"wpcf7-form-control-wrap\" data-name=\"acceptance-890\"><span class=\"wpcf7-form-control wpcf7-acceptance optional\"><span class=\"wpcf7-list-item\"><input type=\"checkbox\" name=\"acceptance-890\" value=\"1\" aria-invalid=\"false\" \/><\/span><\/span><\/span> I have read and accept the <a href=\"\/politica-privacidad\" target=\"_blank\">Privacy Policy<\/a>\n\t\t<\/p>\n\t<\/div>\n\t<div class=\"row_field btn_cnt\">\n\t\t<p><input class=\"wpcf7-form-control wpcf7-submit has-spinner\" type=\"submit\" value=\"Submit\" \/>\n\t\t<\/p>\n\t<\/div>\n<\/div><div class=\"wpcf7-response-output\" aria-hidden=\"true\"><\/div>\n<\/form>\n<\/div>\n La Salle, 6 03803 Alcoy \u00b7 ALICANTE 965 330 126 info@promocionescanto.com<\/p>\n","protected":false},"author":2,"featured_media":0,"parent":0,"menu_order":0,"comment_status":"closed","ping_status":"closed","template":"","meta":{"_acf_changed":false,"_et_pb_use_builder":"on","_et_pb_old_content":"","_et_gb_content_width":"","_joinchat":[],"footnotes":""},"class_list":["post-4376","page","type-page","status-publish","hentry"],"acf":{"photo_gallery":{"img_header_slider":[[]]}},"yoast_head":"<!-- This site is optimized with the Yoast SEO plugin v27.3 - https:\/\/yoast.com\/product\/yoast-seo-wordpress\/ -->\n<title>Contact us here and now without any commitment - Grupo Cant\u00f3<\/title>\n<meta name=\"description\" content=\"If you have any questions, use the contact form, or if you want to formalize a physical visit, we are at c \/ La Salle 6 Alcoy, Alicante.\" \/>\n<meta name=\"robots\" content=\"index, follow, max-snippet:-1, max-image-preview:large, max-video-preview:-1\" \/>\n<link rel=\"canonical\" href=\"https:\/\/www.grupocanto.com\/en\/contact\/\" \/>\n<meta property=\"og:locale\" content=\"en_US\" \/>\n<meta property=\"og:type\" content=\"article\" \/>\n<meta property=\"og:title\" content=\"Contact us here and now without any commitment - Grupo Cant\u00f3\" \/>\n<meta property=\"og:description\" content=\"If you have any questions, use the contact form, or if you want to formalize a physical visit, we are at c \/ La Salle 6 Alcoy, Alicante.\" \/>\n<meta property=\"og:url\" content=\"https:\/\/www.grupocanto.com\/en\/contact\/\" \/>\n<meta property=\"og:site_name\" content=\"Grupo Cant\u00f3\" \/>\n<meta property=\"article:modified_time\" content=\"2019-06-04T06:18:43+00:00\" \/>\n<meta name=\"twitter:card\" content=\"summary_large_image\" \/>\n<meta name=\"twitter:label1\" content=\"Est. reading time\" \/>\n\t<meta name=\"twitter:data1\" content=\"1 minute\" \/>\n<script type=\"application\/ld+json\" class=\"yoast-schema-graph\">{\"@context\":\"https:\\\/\\\/schema.org\",\"@graph\":[{\"@type\":\"WebPage\",\"@id\":\"https:\\\/\\\/www.grupocanto.com\\\/en\\\/contact\\\/\",\"url\":\"https:\\\/\\\/www.grupocanto.com\\\/en\\\/contact\\\/\",\"name\":\"Contact us here and now without any commitment - Grupo Cant\u00f3\",\"isPartOf\":{\"@id\":\"https:\\\/\\\/www.grupocanto.com\\\/#website\"},\"datePublished\":\"2018-12-09T18:28:01+00:00\",\"dateModified\":\"2019-06-04T06:18:43+00:00\",\"description\":\"If you have any questions, use the contact form, or if you want to formalize a physical visit, we are at c \\\/ La Salle 6 Alcoy, Alicante.\",\"breadcrumb\":{\"@id\":\"https:\\\/\\\/www.grupocanto.com\\\/en\\\/contact\\\/#breadcrumb\"},\"inLanguage\":\"en-US\",\"potentialAction\":[{\"@type\":\"ReadAction\",\"target\":[\"https:\\\/\\\/www.grupocanto.com\\\/en\\\/contact\\\/\"]}]},{\"@type\":\"BreadcrumbList\",\"@id\":\"https:\\\/\\\/www.grupocanto.com\\\/en\\\/contact\\\/#breadcrumb\",\"itemListElement\":[{\"@type\":\"ListItem\",\"position\":1,\"name\":\"Home\",\"item\":\"https:\\\/\\\/www.grupocanto.com\\\/en\\\/home\\\/\"},{\"@type\":\"ListItem\",\"position\":2,\"name\":\"Contact\"}]},{\"@type\":\"WebSite\",\"@id\":\"https:\\\/\\\/www.grupocanto.com\\\/#website\",\"url\":\"https:\\\/\\\/www.grupocanto.com\\\/\",\"name\":\"Grupo Cant\u00f3\",\"description\":\"En construcciones cant\u00f3 somos especialistas en construcci\u00f3n, reformas y rehabilitaciones. Trabajamos en alicante, elche, campello, benidorm, javea, denia, elda, villena.\",\"potentialAction\":[{\"@type\":\"SearchAction\",\"target\":{\"@type\":\"EntryPoint\",\"urlTemplate\":\"https:\\\/\\\/www.grupocanto.com\\\/?s={search_term_string}\"},\"query-input\":{\"@type\":\"PropertyValueSpecification\",\"valueRequired\":true,\"valueName\":\"search_term_string\"}}],\"inLanguage\":\"en-US\"}]}<\/script>\n<!-- \/ Yoast SEO plugin. -->","yoast_head_json":{"title":"Contact us here and now without any commitment - Grupo Cant\u00f3","description":"If you have any questions, use the contact form, or if you want to formalize a physical visit, we are at c \/ La Salle 6 Alcoy, Alicante.","robots":{"index":"index","follow":"follow","max-snippet":"max-snippet:-1","max-image-preview":"max-image-preview:large","max-video-preview":"max-video-preview:-1"},"canonical":"https:\/\/www.grupocanto.com\/en\/contact\/","og_locale":"en_US","og_type":"article","og_title":"Contact us here and now without any commitment - Grupo Cant\u00f3","og_description":"If you have any questions, use the contact form, or if you want to formalize a physical visit, we are at c \/ La Salle 6 Alcoy, Alicante.","og_url":"https:\/\/www.grupocanto.com\/en\/contact\/","og_site_name":"Grupo Cant\u00f3","article_modified_time":"2019-06-04T06:18:43+00:00","twitter_card":"summary_large_image","twitter_misc":{"Est. reading time":"1 minute"},"schema":{"@context":"https:\/\/schema.org","@graph":[{"@type":"WebPage","@id":"https:\/\/www.grupocanto.com\/en\/contact\/","url":"https:\/\/www.grupocanto.com\/en\/contact\/","name":"Contact us here and now without any commitment - Grupo Cant\u00f3","isPartOf":{"@id":"https:\/\/www.grupocanto.com\/#website"},"datePublished":"2018-12-09T18:28:01+00:00","dateModified":"2019-06-04T06:18:43+00:00","description":"If you have any questions, use the contact form, or if you want to formalize a physical visit, we are at c \/ La Salle 6 Alcoy, Alicante.","breadcrumb":{"@id":"https:\/\/www.grupocanto.com\/en\/contact\/#breadcrumb"},"inLanguage":"en-US","potentialAction":[{"@type":"ReadAction","target":["https:\/\/www.grupocanto.com\/en\/contact\/"]}]},{"@type":"BreadcrumbList","@id":"https:\/\/www.grupocanto.com\/en\/contact\/#breadcrumb","itemListElement":[{"@type":"ListItem","position":1,"name":"Home","item":"https:\/\/www.grupocanto.com\/en\/home\/"},{"@type":"ListItem","position":2,"name":"Contact"}]},{"@type":"WebSite","@id":"https:\/\/www.grupocanto.com\/#website","url":"https:\/\/www.grupocanto.com\/","name":"Grupo Cant\u00f3","description":"En construcciones cant\u00f3 somos especialistas en construcci\u00f3n, reformas y rehabilitaciones. Trabajamos en alicante, elche, campello, benidorm, javea, denia, elda, villena.","potentialAction":[{"@type":"SearchAction","target":{"@type":"EntryPoint","urlTemplate":"https:\/\/www.grupocanto.com\/?s={search_term_string}"},"query-input":{"@type":"PropertyValueSpecification","valueRequired":true,"valueName":"search_term_string"}}],"inLanguage":"en-US"}]}},"_links":{"self":[{"href":"https:\/\/www.grupocanto.com\/en\/wp-json\/wp\/v2\/pages\/4376","targetHints":{"allow":["GET"]}}],"collection":[{"href":"https:\/\/www.grupocanto.com\/en\/wp-json\/wp\/v2\/pages"}],"about":[{"href":"https:\/\/www.grupocanto.com\/en\/wp-json\/wp\/v2\/types\/page"}],"author":[{"embeddable":true,"href":"https:\/\/www.grupocanto.com\/en\/wp-json\/wp\/v2\/users\/2"}],"replies":[{"embeddable":true,"href":"https:\/\/www.grupocanto.com\/en\/wp-json\/wp\/v2\/comments?post=4376"}],"version-history":[{"count":0,"href":"https:\/\/www.grupocanto.com\/en\/wp-json\/wp\/v2\/pages\/4376\/revisions"}],"wp:attachment":[{"href":"https:\/\/www.grupocanto.com\/en\/wp-json\/wp\/v2\/media?parent=4376"}],"curies":[{"name":"wp","href":"https:\/\/api.w.org\/{rel}","templated":true}]}}