{"id":5011,"date":"2019-04-24T10:11:20","date_gmt":"2019-04-24T10:11:20","guid":{"rendered":"http:\/\/gcanto.acceseo.com.es\/construccion-naves-industriales-alicante\/"},"modified":"2019-06-06T13:48:38","modified_gmt":"2019-06-06T13:48:38","slug":"construction-industrial-premises","status":"publish","type":"page","link":"https:\/\/www.grupocanto.com\/en\/construction-industrial-premises\/","title":{"rendered":"Construction of industrial premises in Alicante"},"content":{"rendered":"<p>[et_pb_section bb_built=&#8221;1&#8243;][et_pb_row][et_pb_column type=&#8221;4_4&#8243;][et_pb_text _builder_version=&#8221;3.14&#8243; custom_margin=&#8221;25px|||&#8221; custom_padding=&#8221;25px|||&#8221;]<\/p>\n<h1>Construction of industrial premises in Alicante<\/h1>\n<p>[\/et_pb_text][et_pb_text _builder_version=&#8221;3.14&#8243;]<\/p>\n<p><strong>Construction and expansion of facilities and industrial buildings<\/strong><\/p>\n<p>We carry out the construction of industrial buildings and commercial properties, with giving our clients the support and counsel from our enterprise technical department, form the beginning to the end of the project, delivery and after-sale. We process the whole project and negotiate the required licences. We also execute expansions and complete remodelling of facilities or rehabilitation of industrial buildings and their fa\u00e7ades.<\/p>\n<p>Cant\u00f3 has carried out constructions of all kind of industrial buildings all along the province of Alicante, highlighting as the last works carried out the construction of Lidl store in Alcoy and Elche.<\/p>\n<p>[\/et_pb_text][\/et_pb_column][\/et_pb_row][et_pb_row _builder_version=&#8221;3.14&#8243; module_class_2=&#8221;contact_section&#8221; background_color_2=&#8221;#f9f9f9&#8243; padding_top_2=&#8221;24px&#8221; padding_right_2=&#8221;30px&#8221; padding_bottom_2=&#8221;100px&#8221; padding_left_2=&#8221;30px&#8221; custom_padding=&#8221;||0px|&#8221;][et_pb_column type=&#8221;1_2&#8243;][et_pb_text _builder_version=&#8221;3.14&#8243;]<\/p>\n<h2>\u00bfNecesitas construir una nave industrial en la provincia de Alicante?<\/h2>\n<p>[\/et_pb_text][et_pb_text _builder_version=&#8221;3.14&#8243;]<\/p>\n<p>Dentro de la <strong>construcci\u00f3n de naves industriales<\/strong> apostamos por un servicio integral que permita al cliente confiar el trabajo a un \u00fanico proveedor y dejar todas las fases del proceso constructivo en nuestras manos. Asimismo, nos hemos especializado en el dise\u00f1o y desarrollo de <strong>obras a medida<\/strong> para dar respuesta a aquellos clientes que acuden a nosotros con unas necesidades muy espec\u00edficas para solicitar <strong>proyectos de construcci\u00f3n industrial personalizados<\/strong>, entre nuestros clientes contamos con la cadena de supermercados Lidl a la que le construimos varias c\u00e1maras a medida de panader\u00eda.<\/p>\n<p>Las estructuras met\u00e1licas que desarrollamos en la <strong>construcci\u00f3n de naves industriales<\/strong> nos diferencian y nos permiten garantizar soluciones constructivas m\u00e1s resistentes y duraderas. Empleamos materiales de \u00f3ptima calidad, ya sean estructuras met\u00e1licas u <a href=\"\/hormigon-impreso-en-alcoy-y-alicante\/\"><strong>hormigon<\/strong><\/a>, <strong>paneles prefabricados de hormig\u00f3n o paneles sandwidch<\/strong> \u2026 etc todos de primera calidad y de ejecuci\u00f3n y puesta en obra \u00f3ptima que garantizan una vida \u00fatil m\u00e1s prolongada, adem\u00e1s de \u00f3ptimas propiedades funcionales y est\u00e9ticas en cada nave industrial que fabricamos.<\/p>\n<p>[\/et_pb_text][\/et_pb_column][et_pb_column type=&#8221;1_2&#8243;][et_pb_text _builder_version=&#8221;3.14&#8243; header_4_font=&#8221;|600||on|||||&#8221; header_4_text_align=&#8221;left&#8221; header_4_font_size=&#8221;24px&#8221;]<\/p>\n<h4 class=\"title_underline left\">LET&#8217;S TALK<\/h4>\n<p>Complete the form to get in touch with us and receive more information.<br \/>\n\n<div class=\"wpcf7 no-js\" id=\"wpcf7-f4381-o1\" lang=\"es-ES\" dir=\"ltr\" data-wpcf7-id=\"4381\">\n<div class=\"screen-reader-response\"><p role=\"status\" aria-live=\"polite\" aria-atomic=\"true\"><\/p> <ul><\/ul><\/div>\n<form action=\"\/en\/wp-json\/wp\/v2\/pages\/5011#wpcf7-f4381-o1\" method=\"post\" class=\"wpcf7-form init\" aria-label=\"Formulario de contacto\" novalidate=\"novalidate\" data-status=\"init\">\n<fieldset class=\"hidden-fields-container\"><input type=\"hidden\" name=\"_wpcf7\" value=\"4381\" \/><input type=\"hidden\" name=\"_wpcf7_version\" value=\"6.1.5\" \/><input type=\"hidden\" name=\"_wpcf7_locale\" value=\"es_ES\" \/><input type=\"hidden\" name=\"_wpcf7_unit_tag\" value=\"wpcf7-f4381-o1\" \/><input type=\"hidden\" name=\"_wpcf7_container_post\" value=\"0\" \/><input type=\"hidden\" name=\"_wpcf7_posted_data_hash\" value=\"\" \/><input type=\"hidden\" name=\"_wpcf7_recaptcha_response\" value=\"\" \/>\n<\/fieldset>\n<div id=\"contact_form\">\n\t<div class=\"row_field\">\n\t\t<p><span class=\"wpcf7-form-control-wrap\" data-name=\"your-name\"><input size=\"40\" maxlength=\"400\" class=\"wpcf7-form-control wpcf7-text wpcf7-validates-as-required\" aria-required=\"true\" aria-invalid=\"false\" placeholder=\"Name*\" value=\"\" type=\"text\" name=\"your-name\" \/><\/span>\n\t\t<\/p>\n\t<\/div>\n\t<div class=\"row_field\">\n\t\t<p><span class=\"wpcf7-form-control-wrap\" data-name=\"your-email\"><input size=\"40\" maxlength=\"400\" class=\"wpcf7-form-control wpcf7-email wpcf7-validates-as-required wpcf7-text wpcf7-validates-as-email\" aria-required=\"true\" aria-invalid=\"false\" placeholder=\"your@email.com*\" value=\"\" type=\"email\" name=\"your-email\" \/><\/span>\n\t\t<\/p>\n\t<\/div>\n\t<div class=\"row_field\">\n\t\t<p><span class=\"wpcf7-form-control-wrap\" data-name=\"tel-945\"><input size=\"40\" maxlength=\"400\" class=\"wpcf7-form-control wpcf7-tel wpcf7-text wpcf7-validates-as-tel\" aria-invalid=\"false\" placeholder=\"Your telephone\" value=\"\" type=\"tel\" name=\"tel-945\" \/><\/span>\n\t\t<\/p>\n\t<\/div>\n\t<div class=\"row_field\">\n\t\t<p><span class=\"wpcf7-form-control-wrap\" data-name=\"your-message\"><textarea cols=\"40\" rows=\"10\" maxlength=\"2000\" class=\"wpcf7-form-control wpcf7-textarea\" aria-invalid=\"false\" placeholder=\"Your message*\" name=\"your-message\"><\/textarea><\/span>\n\t\t<\/p>\n\t<\/div>\n\t<div class=\"row_field politica\">\n\t\t<p><span class=\"wpcf7-form-control-wrap\" data-name=\"acceptance-890\"><span class=\"wpcf7-form-control wpcf7-acceptance optional\"><span class=\"wpcf7-list-item\"><input type=\"checkbox\" name=\"acceptance-890\" value=\"1\" aria-invalid=\"false\" \/><\/span><\/span><\/span> I have read and accept the <a href=\"\/politica-privacidad\" target=\"_blank\">Privacy Policy<\/a>\n\t\t<\/p>\n\t<\/div>\n\t<div class=\"row_field btn_cnt\">\n\t\t<p><input class=\"wpcf7-form-control wpcf7-submit has-spinner\" type=\"submit\" value=\"Submit\" \/>\n\t\t<\/p>\n\t<\/div>\n<\/div><div class=\"wpcf7-response-output\" aria-hidden=\"true\"><\/div>\n<\/form>\n<\/div>\n<\/p>\n<p>[\/et_pb_text][\/et_pb_column][\/et_pb_row][\/et_pb_section]<\/p>\n","protected":false},"excerpt":{"rendered":"<p><div class=\"et_pb_row et_pb_row_0 et_pb_row_empty\">\n\t\t\t\t\n\t\t\t\t\n\t\t\t\t\n\t\t\t\t\n\t\t\t\t\n\t\t\t<\/div> Construction of industrial premises in Alicante Construction and expansion of facilities and industrial buildings We carry out the construction of industrial buildings and commercial properties, with giving our clients the support and counsel from our enterprise technical department, form the beginning to the end of the project, delivery and after-sale. We process the whole [&hellip;]<\/p>\n","protected":false},"author":2,"featured_media":0,"parent":0,"menu_order":0,"comment_status":"closed","ping_status":"closed","template":"","meta":{"_acf_changed":false,"_et_pb_use_builder":"on","_et_pb_old_content":"","_et_gb_content_width":"","_joinchat":[],"footnotes":""},"class_list":["post-5011","page","type-page","status-publish","hentry"],"acf":{"photo_gallery":{"img_header_slider":[[]]}},"yoast_head":"<!-- This site is optimized with the Yoast SEO plugin v27.3 - https:\/\/yoast.com\/product\/yoast-seo-wordpress\/ -->\n<title>Construction of industrial premises in Alicante - Grupo Cant\u00f3<\/title>\n<meta name=\"description\" content=\"Construcci\u00f3n de naves industriales en Alicante y en Alocy. Dise\u00f1amos, desarrollamos y construimos toda la nave industrial para tu empresa\" \/>\n<meta name=\"robots\" content=\"index, follow, max-snippet:-1, max-image-preview:large, max-video-preview:-1\" \/>\n<link rel=\"canonical\" href=\"https:\/\/www.grupocanto.com\/en\/construction-industrial-premises\/\" \/>\n<meta property=\"og:locale\" content=\"en_US\" \/>\n<meta property=\"og:type\" content=\"article\" \/>\n<meta property=\"og:title\" content=\"Construction of industrial premises in Alicante - Grupo Cant\u00f3\" \/>\n<meta property=\"og:description\" content=\"Construcci\u00f3n de naves industriales en Alicante y en Alocy. Dise\u00f1amos, desarrollamos y construimos toda la nave industrial para tu empresa\" \/>\n<meta property=\"og:url\" content=\"https:\/\/www.grupocanto.com\/en\/construction-industrial-premises\/\" \/>\n<meta property=\"og:site_name\" content=\"Grupo Cant\u00f3\" \/>\n<meta property=\"article:modified_time\" content=\"2019-06-06T13:48:38+00:00\" \/>\n<meta name=\"twitter:card\" content=\"summary_large_image\" \/>\n<meta name=\"twitter:label1\" content=\"Est. reading time\" \/>\n\t<meta name=\"twitter:data1\" content=\"2 minutes\" \/>\n<script type=\"application\/ld+json\" class=\"yoast-schema-graph\">{\"@context\":\"https:\\\/\\\/schema.org\",\"@graph\":[{\"@type\":\"WebPage\",\"@id\":\"https:\\\/\\\/www.grupocanto.com\\\/en\\\/construction-industrial-premises\\\/\",\"url\":\"https:\\\/\\\/www.grupocanto.com\\\/en\\\/construction-industrial-premises\\\/\",\"name\":\"Construction of industrial premises in Alicante - Grupo Cant\u00f3\",\"isPartOf\":{\"@id\":\"https:\\\/\\\/www.grupocanto.com\\\/#website\"},\"datePublished\":\"2019-04-24T10:11:20+00:00\",\"dateModified\":\"2019-06-06T13:48:38+00:00\",\"description\":\"Construcci\u00f3n de naves industriales en Alicante y en Alocy. Dise\u00f1amos, desarrollamos y construimos toda la nave industrial para tu empresa\",\"breadcrumb\":{\"@id\":\"https:\\\/\\\/www.grupocanto.com\\\/en\\\/construction-industrial-premises\\\/#breadcrumb\"},\"inLanguage\":\"en-US\",\"potentialAction\":[{\"@type\":\"ReadAction\",\"target\":[\"https:\\\/\\\/www.grupocanto.com\\\/en\\\/construction-industrial-premises\\\/\"]}]},{\"@type\":\"BreadcrumbList\",\"@id\":\"https:\\\/\\\/www.grupocanto.com\\\/en\\\/construction-industrial-premises\\\/#breadcrumb\",\"itemListElement\":[{\"@type\":\"ListItem\",\"position\":1,\"name\":\"Home\",\"item\":\"https:\\\/\\\/www.grupocanto.com\\\/en\\\/home\\\/\"},{\"@type\":\"ListItem\",\"position\":2,\"name\":\"Construction of industrial premises in Alicante\"}]},{\"@type\":\"WebSite\",\"@id\":\"https:\\\/\\\/www.grupocanto.com\\\/#website\",\"url\":\"https:\\\/\\\/www.grupocanto.com\\\/\",\"name\":\"Grupo Cant\u00f3\",\"description\":\"En construcciones cant\u00f3 somos especialistas en construcci\u00f3n, reformas y rehabilitaciones. Trabajamos en alicante, elche, campello, benidorm, javea, denia, elda, villena.\",\"potentialAction\":[{\"@type\":\"SearchAction\",\"target\":{\"@type\":\"EntryPoint\",\"urlTemplate\":\"https:\\\/\\\/www.grupocanto.com\\\/?s={search_term_string}\"},\"query-input\":{\"@type\":\"PropertyValueSpecification\",\"valueRequired\":true,\"valueName\":\"search_term_string\"}}],\"inLanguage\":\"en-US\"}]}<\/script>\n<!-- \/ Yoast SEO plugin. -->","yoast_head_json":{"title":"Construction of industrial premises in Alicante - Grupo Cant\u00f3","description":"Construcci\u00f3n de naves industriales en Alicante y en Alocy. Dise\u00f1amos, desarrollamos y construimos toda la nave industrial para tu empresa","robots":{"index":"index","follow":"follow","max-snippet":"max-snippet:-1","max-image-preview":"max-image-preview:large","max-video-preview":"max-video-preview:-1"},"canonical":"https:\/\/www.grupocanto.com\/en\/construction-industrial-premises\/","og_locale":"en_US","og_type":"article","og_title":"Construction of industrial premises in Alicante - Grupo Cant\u00f3","og_description":"Construcci\u00f3n de naves industriales en Alicante y en Alocy. Dise\u00f1amos, desarrollamos y construimos toda la nave industrial para tu empresa","og_url":"https:\/\/www.grupocanto.com\/en\/construction-industrial-premises\/","og_site_name":"Grupo Cant\u00f3","article_modified_time":"2019-06-06T13:48:38+00:00","twitter_card":"summary_large_image","twitter_misc":{"Est. reading time":"2 minutes"},"schema":{"@context":"https:\/\/schema.org","@graph":[{"@type":"WebPage","@id":"https:\/\/www.grupocanto.com\/en\/construction-industrial-premises\/","url":"https:\/\/www.grupocanto.com\/en\/construction-industrial-premises\/","name":"Construction of industrial premises in Alicante - Grupo Cant\u00f3","isPartOf":{"@id":"https:\/\/www.grupocanto.com\/#website"},"datePublished":"2019-04-24T10:11:20+00:00","dateModified":"2019-06-06T13:48:38+00:00","description":"Construcci\u00f3n de naves industriales en Alicante y en Alocy. Dise\u00f1amos, desarrollamos y construimos toda la nave industrial para tu empresa","breadcrumb":{"@id":"https:\/\/www.grupocanto.com\/en\/construction-industrial-premises\/#breadcrumb"},"inLanguage":"en-US","potentialAction":[{"@type":"ReadAction","target":["https:\/\/www.grupocanto.com\/en\/construction-industrial-premises\/"]}]},{"@type":"BreadcrumbList","@id":"https:\/\/www.grupocanto.com\/en\/construction-industrial-premises\/#breadcrumb","itemListElement":[{"@type":"ListItem","position":1,"name":"Home","item":"https:\/\/www.grupocanto.com\/en\/home\/"},{"@type":"ListItem","position":2,"name":"Construction of industrial premises in Alicante"}]},{"@type":"WebSite","@id":"https:\/\/www.grupocanto.com\/#website","url":"https:\/\/www.grupocanto.com\/","name":"Grupo Cant\u00f3","description":"En construcciones cant\u00f3 somos especialistas en construcci\u00f3n, reformas y rehabilitaciones. Trabajamos en alicante, elche, campello, benidorm, javea, denia, elda, villena.","potentialAction":[{"@type":"SearchAction","target":{"@type":"EntryPoint","urlTemplate":"https:\/\/www.grupocanto.com\/?s={search_term_string}"},"query-input":{"@type":"PropertyValueSpecification","valueRequired":true,"valueName":"search_term_string"}}],"inLanguage":"en-US"}]}},"_links":{"self":[{"href":"https:\/\/www.grupocanto.com\/en\/wp-json\/wp\/v2\/pages\/5011","targetHints":{"allow":["GET"]}}],"collection":[{"href":"https:\/\/www.grupocanto.com\/en\/wp-json\/wp\/v2\/pages"}],"about":[{"href":"https:\/\/www.grupocanto.com\/en\/wp-json\/wp\/v2\/types\/page"}],"author":[{"embeddable":true,"href":"https:\/\/www.grupocanto.com\/en\/wp-json\/wp\/v2\/users\/2"}],"replies":[{"embeddable":true,"href":"https:\/\/www.grupocanto.com\/en\/wp-json\/wp\/v2\/comments?post=5011"}],"version-history":[{"count":0,"href":"https:\/\/www.grupocanto.com\/en\/wp-json\/wp\/v2\/pages\/5011\/revisions"}],"wp:attachment":[{"href":"https:\/\/www.grupocanto.com\/en\/wp-json\/wp\/v2\/media?parent=5011"}],"curies":[{"name":"wp","href":"https:\/\/api.w.org\/{rel}","templated":true}]}}